{"id":4968,"date":"2019-07-20T18:59:15","date_gmt":"2019-07-20T16:59:15","guid":{"rendered":"http:\/\/nieruchomoscidlainwestora.pl\/sklep\/"},"modified":"2019-08-13T14:04:23","modified_gmt":"2019-08-13T12:04:23","slug":"aukcje-nieruchomosci","status":"publish","type":"page","link":"https:\/\/nieruchomoscidlainwestora.pl\/nieruchomosci\/aukcje-nieruchomosci\/","title":{"rendered":"Aukcje Nieruchomo\u015bci"},"content":{"rendered":"<h3>Kup nieruchomo\u015b\u0107 na aukcji holenderskiej, odwrotnej.<\/h3>\n<p>Wszystkie prezentowane aukcje s\u0105 aukcjami holenderskimi, <strong>odwrotnymi<\/strong> tj. rozpoczynaj\u0105 si\u0119 od najwy\u017cszej ceny (najlepszy wariant dla Sprzedaj\u0105cego) i stopniowo spadaj\u0105, do czasu kiedy kt\u00f3ry\u015b z Kupuj\u0105cych nie zaakceptuje poziomu ceny. Zatem z punktu widzenia Kupuj\u0105cego, aukcja holenderska zaczyna si\u0119 od najgorszego pu\u0142apu, a ko\u0144czy si\u0119 na najlepszym (najni\u017csza cena, po kt\u00f3rej mo\u017cna dany przedmiot kupi\u0107).<\/p>\n<h3><strong>Aukcj\u0119 wygrywa Kupuj\u0105cy, kt\u00f3ry jako pierwszy wylicytuje cen\u0119, powy\u017cej ceny minimalnej ustalonej przez Sprzedaj\u0105cego.<\/strong><\/h3>\n","protected":false},"excerpt":{"rendered":"<p>Kup nieruchomo\u015b\u0107 na aukcji holenderskiej, odwrotnej. Wszystkie prezentowane aukcje s\u0105 aukcjami holenderskimi, odwrotnymi tj. rozpoczynaj\u0105 si\u0119 od najwy\u017cszej ceny (najlepszy wariant dla Sprzedaj\u0105cego) i stopniowo spadaj\u0105, do czasu kiedy kt\u00f3ry\u015b z Kupuj\u0105cych nie zaakceptuje poziomu ceny. Zatem z punktu widzenia Kupuj\u0105cego, aukcja holenderska zaczyna si\u0119 od najgorszego pu\u0142apu, a ko\u0144czy si\u0119 na najlepszym (najni\u017csza cena,&#8230;<\/p>\n","protected":false},"author":1,"featured_media":0,"parent":0,"menu_order":0,"comment_status":"closed","ping_status":"closed","template":"","meta":{"footnotes":""},"class_list":["post-4968","page","type-page","status-publish","hentry"],"yoast_head":"<!-- This site is optimized with the Yoast SEO plugin v26.9 - https:\/\/yoast.com\/product\/yoast-seo-wordpress\/ -->\n<title>Aukcje Nieruchomo\u015bci - Nieruchomo\u015bci dla Inwestora<\/title>\n<meta name=\"description\" content=\"Aukcje nieruchomo\u015bci, Sprzeda\u017c mieszka\u0144, dom\u00f3w, dzia\u0142ek, lokali i obiekt\u00f3w przemys\u0142owych.\" \/>\n<meta name=\"robots\" content=\"index, follow, max-snippet:-1, max-image-preview:large, max-video-preview:-1\" \/>\n<link rel=\"canonical\" href=\"https:\/\/nieruchomoscidlainwestora.pl\/nieruchomosci\/aukcje-nieruchomosci\/\" \/>\n<meta property=\"og:locale\" content=\"pl_PL\" \/>\n<meta property=\"og:type\" content=\"article\" \/>\n<meta property=\"og:title\" content=\"Aukcje Nieruchomo\u015bci - Nieruchomo\u015bci dla Inwestora\" \/>\n<meta property=\"og:description\" content=\"Aukcje nieruchomo\u015bci, Sprzeda\u017c mieszka\u0144, dom\u00f3w, dzia\u0142ek, lokali i obiekt\u00f3w przemys\u0142owych.\" \/>\n<meta property=\"og:url\" content=\"https:\/\/nieruchomoscidlainwestora.pl\/nieruchomosci\/aukcje-nieruchomosci\/\" \/>\n<meta property=\"og:site_name\" content=\"Nieruchomo\u015bci dla Inwestora\" \/>\n<meta property=\"article:modified_time\" content=\"2019-08-13T12:04:23+00:00\" \/>\n<meta name=\"twitter:card\" content=\"summary_large_image\" \/>\n<script type=\"application\/ld+json\" class=\"yoast-schema-graph\">{\"@context\":\"https:\/\/schema.org\",\"@graph\":[{\"@type\":\"WebPage\",\"@id\":\"https:\/\/nieruchomoscidlainwestora.pl\/nieruchomosci\/aukcje-nieruchomosci\/\",\"url\":\"https:\/\/nieruchomoscidlainwestora.pl\/nieruchomosci\/aukcje-nieruchomosci\/\",\"name\":\"Aukcje Nieruchomo\u015bci - Nieruchomo\u015bci dla Inwestora\",\"isPartOf\":{\"@id\":\"https:\/\/nieruchomoscidlainwestora.pl\/nieruchomosci\/#website\"},\"datePublished\":\"2019-07-20T16:59:15+00:00\",\"dateModified\":\"2019-08-13T12:04:23+00:00\",\"description\":\"Aukcje nieruchomo\u015bci, Sprzeda\u017c mieszka\u0144, dom\u00f3w, dzia\u0142ek, lokali i obiekt\u00f3w przemys\u0142owych.\",\"breadcrumb\":{\"@id\":\"https:\/\/nieruchomoscidlainwestora.pl\/nieruchomosci\/aukcje-nieruchomosci\/#breadcrumb\"},\"inLanguage\":\"pl-PL\",\"potentialAction\":[{\"@type\":\"ReadAction\",\"target\":[\"https:\/\/nieruchomoscidlainwestora.pl\/nieruchomosci\/aukcje-nieruchomosci\/\"]}]},{\"@type\":\"BreadcrumbList\",\"@id\":\"https:\/\/nieruchomoscidlainwestora.pl\/nieruchomosci\/aukcje-nieruchomosci\/#breadcrumb\",\"itemListElement\":[{\"@type\":\"ListItem\",\"position\":1,\"name\":\"Strona g\u0142\u00f3wna\",\"item\":\"https:\/\/nieruchomoscidlainwestora.pl\/nieruchomosci\/\"},{\"@type\":\"ListItem\",\"position\":2,\"name\":\"Aukcje Nieruchomo\u015bci\"}]},{\"@type\":\"WebSite\",\"@id\":\"https:\/\/nieruchomoscidlainwestora.pl\/nieruchomosci\/#website\",\"url\":\"https:\/\/nieruchomoscidlainwestora.pl\/nieruchomosci\/\",\"name\":\"Nieruchomo\u015bci dla Inwestora\",\"description\":\"U3D Nieruchomo\u015bci\",\"potentialAction\":[{\"@type\":\"SearchAction\",\"target\":{\"@type\":\"EntryPoint\",\"urlTemplate\":\"https:\/\/nieruchomoscidlainwestora.pl\/nieruchomosci\/?s={search_term_string}\"},\"query-input\":{\"@type\":\"PropertyValueSpecification\",\"valueRequired\":true,\"valueName\":\"search_term_string\"}}],\"inLanguage\":\"pl-PL\"}]}<\/script>\n<!-- \/ Yoast SEO plugin. -->","yoast_head_json":{"title":"Aukcje Nieruchomo\u015bci - Nieruchomo\u015bci dla Inwestora","description":"Aukcje nieruchomo\u015bci, Sprzeda\u017c mieszka\u0144, dom\u00f3w, dzia\u0142ek, lokali i obiekt\u00f3w przemys\u0142owych.","robots":{"index":"index","follow":"follow","max-snippet":"max-snippet:-1","max-image-preview":"max-image-preview:large","max-video-preview":"max-video-preview:-1"},"canonical":"https:\/\/nieruchomoscidlainwestora.pl\/nieruchomosci\/aukcje-nieruchomosci\/","og_locale":"pl_PL","og_type":"article","og_title":"Aukcje Nieruchomo\u015bci - Nieruchomo\u015bci dla Inwestora","og_description":"Aukcje nieruchomo\u015bci, Sprzeda\u017c mieszka\u0144, dom\u00f3w, dzia\u0142ek, lokali i obiekt\u00f3w przemys\u0142owych.","og_url":"https:\/\/nieruchomoscidlainwestora.pl\/nieruchomosci\/aukcje-nieruchomosci\/","og_site_name":"Nieruchomo\u015bci dla Inwestora","article_modified_time":"2019-08-13T12:04:23+00:00","twitter_card":"summary_large_image","schema":{"@context":"https:\/\/schema.org","@graph":[{"@type":"WebPage","@id":"https:\/\/nieruchomoscidlainwestora.pl\/nieruchomosci\/aukcje-nieruchomosci\/","url":"https:\/\/nieruchomoscidlainwestora.pl\/nieruchomosci\/aukcje-nieruchomosci\/","name":"Aukcje Nieruchomo\u015bci - Nieruchomo\u015bci dla Inwestora","isPartOf":{"@id":"https:\/\/nieruchomoscidlainwestora.pl\/nieruchomosci\/#website"},"datePublished":"2019-07-20T16:59:15+00:00","dateModified":"2019-08-13T12:04:23+00:00","description":"Aukcje nieruchomo\u015bci, Sprzeda\u017c mieszka\u0144, dom\u00f3w, dzia\u0142ek, lokali i obiekt\u00f3w przemys\u0142owych.","breadcrumb":{"@id":"https:\/\/nieruchomoscidlainwestora.pl\/nieruchomosci\/aukcje-nieruchomosci\/#breadcrumb"},"inLanguage":"pl-PL","potentialAction":[{"@type":"ReadAction","target":["https:\/\/nieruchomoscidlainwestora.pl\/nieruchomosci\/aukcje-nieruchomosci\/"]}]},{"@type":"BreadcrumbList","@id":"https:\/\/nieruchomoscidlainwestora.pl\/nieruchomosci\/aukcje-nieruchomosci\/#breadcrumb","itemListElement":[{"@type":"ListItem","position":1,"name":"Strona g\u0142\u00f3wna","item":"https:\/\/nieruchomoscidlainwestora.pl\/nieruchomosci\/"},{"@type":"ListItem","position":2,"name":"Aukcje Nieruchomo\u015bci"}]},{"@type":"WebSite","@id":"https:\/\/nieruchomoscidlainwestora.pl\/nieruchomosci\/#website","url":"https:\/\/nieruchomoscidlainwestora.pl\/nieruchomosci\/","name":"Nieruchomo\u015bci dla Inwestora","description":"U3D Nieruchomo\u015bci","potentialAction":[{"@type":"SearchAction","target":{"@type":"EntryPoint","urlTemplate":"https:\/\/nieruchomoscidlainwestora.pl\/nieruchomosci\/?s={search_term_string}"},"query-input":{"@type":"PropertyValueSpecification","valueRequired":true,"valueName":"search_term_string"}}],"inLanguage":"pl-PL"}]}},"jetpack_sharing_enabled":true,"_links":{"self":[{"href":"https:\/\/nieruchomoscidlainwestora.pl\/nieruchomosci\/wp-json\/wp\/v2\/pages\/4968","targetHints":{"allow":["GET"]}}],"collection":[{"href":"https:\/\/nieruchomoscidlainwestora.pl\/nieruchomosci\/wp-json\/wp\/v2\/pages"}],"about":[{"href":"https:\/\/nieruchomoscidlainwestora.pl\/nieruchomosci\/wp-json\/wp\/v2\/types\/page"}],"author":[{"embeddable":true,"href":"https:\/\/nieruchomoscidlainwestora.pl\/nieruchomosci\/wp-json\/wp\/v2\/users\/1"}],"replies":[{"embeddable":true,"href":"https:\/\/nieruchomoscidlainwestora.pl\/nieruchomosci\/wp-json\/wp\/v2\/comments?post=4968"}],"version-history":[{"count":8,"href":"https:\/\/nieruchomoscidlainwestora.pl\/nieruchomosci\/wp-json\/wp\/v2\/pages\/4968\/revisions"}],"predecessor-version":[{"id":5535,"href":"https:\/\/nieruchomoscidlainwestora.pl\/nieruchomosci\/wp-json\/wp\/v2\/pages\/4968\/revisions\/5535"}],"wp:attachment":[{"href":"https:\/\/nieruchomoscidlainwestora.pl\/nieruchomosci\/wp-json\/wp\/v2\/media?parent=4968"}],"curies":[{"name":"wp","href":"https:\/\/api.w.org\/{rel}","templated":true}]}}