{"id":3,"date":"2018-10-22T10:51:14","date_gmt":"2018-10-22T08:51:14","guid":{"rendered":"http:\/\/nieruchomoscidlainwestora.pl\/?page_id=3"},"modified":"2021-03-20T09:53:16","modified_gmt":"2021-03-20T08:53:16","slug":"polityka-prywatnosci","status":"publish","type":"page","link":"https:\/\/nieruchomoscidlainwestora.pl\/nieruchomosci\/polityka-prywatnosci\/","title":{"rendered":"Polityka prywatno\u015bci"},"content":{"rendered":"<p style=\"text-align: center;\"><strong>Polityka Prywatno\u015bci<\/strong><\/p>\n<ol>\n<li>Administratorem Pa\u0144stwa danych osobowych jest Sp\u00f3lka U3D sp. z o.o. z siedzib\u0105 w Warszawie, al. Jana Paw\u0142a II 27, 00-867 Warszawa (dalej Administrator). W kwestiach zwi\u0105zanych z ochron\u0105 danych osobowych z Administratorem mo\u017cna si\u0119 skontaktowa\u0107 przy pomocy adresu ok@nieruchomoscidlainwestora.pl lub pod numerem +48.518818808.<\/li>\n<li>Pa\u0144stwa dane osobowe przetwarzane s\u0105 w celu:<br \/>\n&#8211; zawarcia i wykonania umowy o \u015bwiadczenie us\u0142ugi drog\u0105 elektroniczn\u0105, w tym rozpatrywania ewentualnych reklamacji,<br \/>\n&#8211; w przypadku dodatkowo wyra\u017conej zgody \u2013 tak\u017ce w celu przesy\u0142ania Pa\u0144stwu tre\u015bci marketingowych, zawieraj\u0105cych w szczeg\u00f3lno\u015bci informacje o informacje o promocjach, us\u0142ugach, konkursach, wydarzeniach a tak\u017ce dla potrzeb analitycznych i statystycznych zwi\u0105zanych z wysy\u0142aniem tych tre\u015bci.<\/li>\n<li>Podstaw\u0105 prawn\u0105 przetwarzania Pa\u0144stwa danych osobowych jest:<br \/>\n&#8211; niezb\u0119dno\u015b\u0107 ich przetwarzania w celu zawarcia i wykonania umowy o \u015bwiadczenie us\u0142ugi drog\u0105 elektroniczn\u0105 (art. 6 ust. 1 lit. b RODO),<br \/>\n&#8211; prawnie uzasadniony interes Administratora, polegaj\u0105cy na obs\u0142udze Pa\u0144stwa korespondencji oraz na realizacji dzia\u0142a\u0144 marketingowych ( 6 ust. 1 lit. f RODO).<\/li>\n<li>Pa\u0144stwa dane osobowe s\u0105 przechowywane przez okres korzystania przez Pa\u0144stwa z tych us\u0142ug. Po zaprzestaniu korzystania z us\u0142ug, dane osobowe w zakresie: imi\u0119, nazwisko, adres e-mail b\u0119d\u0105 przechowywane jeszcze przez okres 3 lat dla cel\u00f3w rozpatrywania skarg oraz roszcze\u0144 zwi\u0105zanych z korzystaniem z tych us\u0142ug.<\/li>\n<li>Je\u015bli za\u017c\u0105daj\u0105 Pa\u0144stwo zaprzestania wysy\u0142ania tre\u015bci marketingowych, Pa\u0144stwa dane osobowe b\u0119d\u0105 przechowywane przez okres trzech lat od otrzymania tego \u017c\u0105dania. W\u00f3wczas Pa\u0144stwa dane b\u0119d\u0105 przechowywane jedynie w celu obrony przed ewentualnymi roszczeniami zwi\u0105zanymi z t\u0105 wysy\u0142k\u0105.<\/li>\n<li>Przys\u0142uguje Pa\u0144stwu prawo do:<br \/>\n&#8211; \u017c\u0105dania dost\u0119pu do swoich danych osobowych, ich sprostowania, usuni\u0119cia lub ograniczenia przetwarzania, a tak\u017ce prawo do przenoszenia danych,<br \/>\n&#8211; wniesienia w dowolnym momencie sprzeciwu wobec przetwarzania Pa\u0144stwa danych osobowych na potrzeby realizacji dzia\u0142a\u0144 marketingowych,<br \/>\n&#8211; wniesienia skargi do organu nadzorczego, tj. Prezesa Urz\u0119du Ochrony Danych Osobowych.<\/li>\n<li>Podanie danych osobowych jest dobrowolne, jednak jest warunkiem zawarcia umowy o \u015bwiadczenie us\u0142ug drog\u0105 elektroniczn\u0105. Konsekwencj\u0105 niepodania danych osobowych jest brak mo\u017cliwo\u015bci \u015bwiadczenia us\u0142ug przez Administratora.<\/li>\n<li>Pa\u0144stwa dane osobowe nie b\u0119d\u0105 wykorzystywane do podejmowania zautomatyzowanych decyzji, w tym profilowania.<\/li>\n<\/ol>\n","protected":false},"excerpt":{"rendered":"<p>Polityka Prywatno\u015bci Administratorem Pa\u0144stwa danych osobowych jest Sp\u00f3lka U3D sp. z o.o. z siedzib\u0105 w Warszawie, al. Jana Paw\u0142a II 27, 00-867 Warszawa (dalej Administrator). W kwestiach zwi\u0105zanych z ochron\u0105 danych osobowych z Administratorem mo\u017cna si\u0119 skontaktowa\u0107 przy pomocy adresu ok@nieruchomoscidlainwestora.pl lub pod numerem +48.518818808. Pa\u0144stwa dane osobowe przetwarzane s\u0105 w celu: &#8211; zawarcia i&#8230;<\/p>\n","protected":false},"author":1,"featured_media":0,"parent":0,"menu_order":0,"comment_status":"closed","ping_status":"closed","template":"","meta":{"footnotes":""},"class_list":["post-3","page","type-page","status-publish","hentry"],"yoast_head":"<!-- This site is optimized with the Yoast SEO plugin v27.5 - https:\/\/yoast.com\/product\/yoast-seo-wordpress\/ -->\n<title>Polityka prywatno\u015bci - Nieruchomo\u015bci dla Inwestora<\/title>\n<meta name=\"robots\" content=\"index, follow, max-snippet:-1, max-image-preview:large, max-video-preview:-1\" \/>\n<link rel=\"canonical\" href=\"https:\/\/nieruchomoscidlainwestora.pl\/nieruchomosci\/polityka-prywatnosci\/\" \/>\n<meta property=\"og:locale\" content=\"pl_PL\" \/>\n<meta property=\"og:type\" content=\"article\" \/>\n<meta property=\"og:title\" content=\"Polityka prywatno\u015bci - Nieruchomo\u015bci dla Inwestora\" \/>\n<meta property=\"og:description\" content=\"Polityka Prywatno\u015bci Administratorem Pa\u0144stwa danych osobowych jest Sp\u00f3lka U3D sp. z o.o. z siedzib\u0105 w Warszawie, al. Jana Paw\u0142a II 27, 00-867 Warszawa (dalej Administrator). W kwestiach zwi\u0105zanych z ochron\u0105 danych osobowych z Administratorem mo\u017cna si\u0119 skontaktowa\u0107 przy pomocy adresu ok@nieruchomoscidlainwestora.pl lub pod numerem +48.518818808. Pa\u0144stwa dane osobowe przetwarzane s\u0105 w celu: &#8211; zawarcia i...\" \/>\n<meta property=\"og:url\" content=\"https:\/\/nieruchomoscidlainwestora.pl\/nieruchomosci\/polityka-prywatnosci\/\" \/>\n<meta property=\"og:site_name\" content=\"Nieruchomo\u015bci dla Inwestora\" \/>\n<meta property=\"article:modified_time\" content=\"2021-03-20T08:53:16+00:00\" \/>\n<meta name=\"twitter:card\" content=\"summary_large_image\" \/>\n<meta name=\"twitter:label1\" content=\"Szacowany czas czytania\" \/>\n\t<meta name=\"twitter:data1\" content=\"2 minuty\" \/>\n<script type=\"application\/ld+json\" class=\"yoast-schema-graph\">{\"@context\":\"https:\\\/\\\/schema.org\",\"@graph\":[{\"@type\":\"WebPage\",\"@id\":\"https:\\\/\\\/nieruchomoscidlainwestora.pl\\\/nieruchomosci\\\/polityka-prywatnosci\\\/\",\"url\":\"https:\\\/\\\/nieruchomoscidlainwestora.pl\\\/nieruchomosci\\\/polityka-prywatnosci\\\/\",\"name\":\"Polityka prywatno\u015bci - Nieruchomo\u015bci dla Inwestora\",\"isPartOf\":{\"@id\":\"https:\\\/\\\/nieruchomoscidlainwestora.pl\\\/nieruchomosci\\\/#website\"},\"datePublished\":\"2018-10-22T08:51:14+00:00\",\"dateModified\":\"2021-03-20T08:53:16+00:00\",\"breadcrumb\":{\"@id\":\"https:\\\/\\\/nieruchomoscidlainwestora.pl\\\/nieruchomosci\\\/polityka-prywatnosci\\\/#breadcrumb\"},\"inLanguage\":\"pl-PL\",\"potentialAction\":[{\"@type\":\"ReadAction\",\"target\":[\"https:\\\/\\\/nieruchomoscidlainwestora.pl\\\/nieruchomosci\\\/polityka-prywatnosci\\\/\"]}]},{\"@type\":\"BreadcrumbList\",\"@id\":\"https:\\\/\\\/nieruchomoscidlainwestora.pl\\\/nieruchomosci\\\/polityka-prywatnosci\\\/#breadcrumb\",\"itemListElement\":[{\"@type\":\"ListItem\",\"position\":1,\"name\":\"Strona g\u0142\u00f3wna\",\"item\":\"https:\\\/\\\/nieruchomoscidlainwestora.pl\\\/nieruchomosci\\\/\"},{\"@type\":\"ListItem\",\"position\":2,\"name\":\"Polityka prywatno\u015bci\"}]},{\"@type\":\"WebSite\",\"@id\":\"https:\\\/\\\/nieruchomoscidlainwestora.pl\\\/nieruchomosci\\\/#website\",\"url\":\"https:\\\/\\\/nieruchomoscidlainwestora.pl\\\/nieruchomosci\\\/\",\"name\":\"Nieruchomo\u015bci dla Inwestora\",\"description\":\"U3D Nieruchomo\u015bci\",\"potentialAction\":[{\"@type\":\"SearchAction\",\"target\":{\"@type\":\"EntryPoint\",\"urlTemplate\":\"https:\\\/\\\/nieruchomoscidlainwestora.pl\\\/nieruchomosci\\\/?s={search_term_string}\"},\"query-input\":{\"@type\":\"PropertyValueSpecification\",\"valueRequired\":true,\"valueName\":\"search_term_string\"}}],\"inLanguage\":\"pl-PL\"}]}<\/script>\n<!-- \/ Yoast SEO plugin. -->","yoast_head_json":{"title":"Polityka prywatno\u015bci - Nieruchomo\u015bci dla Inwestora","robots":{"index":"index","follow":"follow","max-snippet":"max-snippet:-1","max-image-preview":"max-image-preview:large","max-video-preview":"max-video-preview:-1"},"canonical":"https:\/\/nieruchomoscidlainwestora.pl\/nieruchomosci\/polityka-prywatnosci\/","og_locale":"pl_PL","og_type":"article","og_title":"Polityka prywatno\u015bci - Nieruchomo\u015bci dla Inwestora","og_description":"Polityka Prywatno\u015bci Administratorem Pa\u0144stwa danych osobowych jest Sp\u00f3lka U3D sp. z o.o. z siedzib\u0105 w Warszawie, al. Jana Paw\u0142a II 27, 00-867 Warszawa (dalej Administrator). W kwestiach zwi\u0105zanych z ochron\u0105 danych osobowych z Administratorem mo\u017cna si\u0119 skontaktowa\u0107 przy pomocy adresu ok@nieruchomoscidlainwestora.pl lub pod numerem +48.518818808. Pa\u0144stwa dane osobowe przetwarzane s\u0105 w celu: &#8211; zawarcia i...","og_url":"https:\/\/nieruchomoscidlainwestora.pl\/nieruchomosci\/polityka-prywatnosci\/","og_site_name":"Nieruchomo\u015bci dla Inwestora","article_modified_time":"2021-03-20T08:53:16+00:00","twitter_card":"summary_large_image","twitter_misc":{"Szacowany czas czytania":"2 minuty"},"schema":{"@context":"https:\/\/schema.org","@graph":[{"@type":"WebPage","@id":"https:\/\/nieruchomoscidlainwestora.pl\/nieruchomosci\/polityka-prywatnosci\/","url":"https:\/\/nieruchomoscidlainwestora.pl\/nieruchomosci\/polityka-prywatnosci\/","name":"Polityka prywatno\u015bci - Nieruchomo\u015bci dla Inwestora","isPartOf":{"@id":"https:\/\/nieruchomoscidlainwestora.pl\/nieruchomosci\/#website"},"datePublished":"2018-10-22T08:51:14+00:00","dateModified":"2021-03-20T08:53:16+00:00","breadcrumb":{"@id":"https:\/\/nieruchomoscidlainwestora.pl\/nieruchomosci\/polityka-prywatnosci\/#breadcrumb"},"inLanguage":"pl-PL","potentialAction":[{"@type":"ReadAction","target":["https:\/\/nieruchomoscidlainwestora.pl\/nieruchomosci\/polityka-prywatnosci\/"]}]},{"@type":"BreadcrumbList","@id":"https:\/\/nieruchomoscidlainwestora.pl\/nieruchomosci\/polityka-prywatnosci\/#breadcrumb","itemListElement":[{"@type":"ListItem","position":1,"name":"Strona g\u0142\u00f3wna","item":"https:\/\/nieruchomoscidlainwestora.pl\/nieruchomosci\/"},{"@type":"ListItem","position":2,"name":"Polityka prywatno\u015bci"}]},{"@type":"WebSite","@id":"https:\/\/nieruchomoscidlainwestora.pl\/nieruchomosci\/#website","url":"https:\/\/nieruchomoscidlainwestora.pl\/nieruchomosci\/","name":"Nieruchomo\u015bci dla Inwestora","description":"U3D Nieruchomo\u015bci","potentialAction":[{"@type":"SearchAction","target":{"@type":"EntryPoint","urlTemplate":"https:\/\/nieruchomoscidlainwestora.pl\/nieruchomosci\/?s={search_term_string}"},"query-input":{"@type":"PropertyValueSpecification","valueRequired":true,"valueName":"search_term_string"}}],"inLanguage":"pl-PL"}]}},"jetpack_sharing_enabled":true,"_links":{"self":[{"href":"https:\/\/nieruchomoscidlainwestora.pl\/nieruchomosci\/wp-json\/wp\/v2\/pages\/3","targetHints":{"allow":["GET"]}}],"collection":[{"href":"https:\/\/nieruchomoscidlainwestora.pl\/nieruchomosci\/wp-json\/wp\/v2\/pages"}],"about":[{"href":"https:\/\/nieruchomoscidlainwestora.pl\/nieruchomosci\/wp-json\/wp\/v2\/types\/page"}],"author":[{"embeddable":true,"href":"https:\/\/nieruchomoscidlainwestora.pl\/nieruchomosci\/wp-json\/wp\/v2\/users\/1"}],"replies":[{"embeddable":true,"href":"https:\/\/nieruchomoscidlainwestora.pl\/nieruchomosci\/wp-json\/wp\/v2\/comments?post=3"}],"version-history":[{"count":6,"href":"https:\/\/nieruchomoscidlainwestora.pl\/nieruchomosci\/wp-json\/wp\/v2\/pages\/3\/revisions"}],"predecessor-version":[{"id":19448,"href":"https:\/\/nieruchomoscidlainwestora.pl\/nieruchomosci\/wp-json\/wp\/v2\/pages\/3\/revisions\/19448"}],"wp:attachment":[{"href":"https:\/\/nieruchomoscidlainwestora.pl\/nieruchomosci\/wp-json\/wp\/v2\/media?parent=3"}],"curies":[{"name":"wp","href":"https:\/\/api.w.org\/{rel}","templated":true}]}}